{"id":2880,"date":"2025-09-01T09:14:41","date_gmt":"2025-09-01T09:14:41","guid":{"rendered":"https:\/\/ljardalur.is\/?page_id=2880"},"modified":"2025-09-01T09:16:45","modified_gmt":"2025-09-01T09:16:45","slug":"skilmalar-uppbods","status":"publish","type":"page","link":"https:\/\/ljardalur.is\/?page_id=2880","title":{"rendered":"Skilm\u00e1lar uppbo\u00f0s"},"content":{"rendered":"\t\t<div data-elementor-type=\"wp-page\" data-elementor-id=\"2880\" class=\"elementor elementor-2880\" data-elementor-post-type=\"page\">\n\t\t\t\t\t\t<section class=\"elementor-section elementor-top-section elementor-element elementor-element-544cc3b elementor-section-boxed elementor-section-height-default elementor-section-height-default\" data-id=\"544cc3b\" data-element_type=\"section\" data-e-type=\"section\">\n\t\t\t\t\t\t<div class=\"elementor-container elementor-column-gap-default\">\n\t\t\t\t\t<div class=\"elementor-column elementor-col-100 elementor-top-column elementor-element elementor-element-a491093\" data-id=\"a491093\" data-element_type=\"column\" data-e-type=\"column\">\n\t\t\t<div class=\"elementor-widget-wrap elementor-element-populated\">\n\t\t\t\t\t\t<div class=\"elementor-element elementor-element-ffa1ac4 elementor-widget elementor-widget-heading\" data-id=\"ffa1ac4\" data-element_type=\"widget\" data-e-type=\"widget\" data-widget_type=\"heading.default\">\n\t\t\t\t<div class=\"elementor-widget-container\">\n\t\t\t\t\t<h2 class=\"elementor-heading-title elementor-size-default\">Skilm\u00e1lar uppbo\u00f0s.<\/h2>\t\t\t\t<\/div>\n\t\t\t\t<\/div>\n\t\t\t\t<div class=\"elementor-element elementor-element-e483598 elementor-widget elementor-widget-text-editor\" data-id=\"e483598\" data-element_type=\"widget\" data-e-type=\"widget\" data-widget_type=\"text-editor.default\">\n\t\t\t\t<div class=\"elementor-widget-container\">\n\t\t\t\t\t\t\t\t\t<p style=\"font-weight: 400;\"><b><strong>Tilbo\u00f0.<br \/><\/strong><\/b>\u00d6ll tilbo\u00f0 eru bindandi fyrir tilbo\u00f0sgjafa. H\u00e6sta tilbo\u00f0 er s\u00fdnilegt. Tilbo\u00f0sgjafi ver\u00f0ur \u00fev\u00ed a\u00f0 gera h\u00e6rra tilbo\u00f0 en s\u00fdnt er. Ef annar tilbo\u00f0sgjafi gerir h\u00e6rra tilbo\u00f0 \u00ed umr\u00e6ddan uppbo\u00f0smun, getur tilbo\u00f0sgjafi gert n\u00fdtt og h\u00e6rra tilbo\u00f0.<\/p><p style=\"font-weight: 400;\">Tilbo\u00f0 skulu mi\u00f0a vi\u00f0 sta\u00f0grei\u00f0slu. Vir\u00f0isaukaskattur er innifalinn \u00ed tilbo\u00f0sver\u00f0i nema anna\u00f0 s\u00e9 s\u00e9rstaklega teki\u00f0 fram.<\/p><p style=\"font-weight: 400;\">N\u00e1ist l\u00e1gmarksver\u00f0 ekki tekur seljandi \u00e1kv\u00f6r\u00f0un um hvort hann selur \u00e1 h\u00e6sta tilbo\u00f0sver\u00f0i. Tilbo\u00f0sgjafi er skuldbundinn vi\u00f0 tilbo\u00f0 sitt \u00fer\u00e1tt fyrir a\u00f0 l\u00e1gmarksver\u00f0i s\u00e9 ekki n\u00e1\u00f0 nema seljandi hafni tilbo\u00f0inu. \u00deannig er \u00e1skilinn r\u00e9ttur til a\u00f0 hafna tilbo\u00f0um n\u00e1i \u00feau ekki l\u00e1gmarksver\u00f0i.<\/p><p style=\"font-weight: 400;\"><b><strong>Misnotkun \u00e1 vef Lj\u00e1rdals ehf.<br \/><\/strong><\/b>Ver\u00f0i notandi\/tilbo\u00f0sgjafi uppv\u00eds a\u00f0 \u00fev\u00ed a\u00f0 misnota vefinn, m.a. me\u00f0 \u00fev\u00ed a\u00f0 standa ekki vi\u00f0 tilbo\u00f0 sem hann hefur gert \u00ed \u00f6kut\u00e6ki e\u00f0a annan uppbo\u00f0smun, \u00fe\u00e1 hefur Lj\u00e1rdalur ehf. heimild til \u00feess a\u00f0 \u00fatiloka hann fr\u00e1 frekari notkun uppbo\u00f0svefsins.<\/p><p>Standi tilbo\u00f0sgjafi ekki vi\u00f0 tilbo\u00f0 sitt getur seljandi samt sem \u00e1\u00f0ur krafi\u00f0 hann um efndir kaupsamningsins e\u00f0a leita\u00f0 vanefnda\u00farr\u00e6\u00f0a s.s. krafist ska\u00f0ab\u00f3ta vegna \u00feess tj\u00f3ns sem \u00fea\u00f0 kann a\u00f0 hafa valdi\u00f0 honum, auk \u00feess sem Kr\u00f3kur ehf. getur gert tilbo\u00f0sgjafa a\u00f0 grei\u00f0a \u00feann kostna\u00f0 sem sannanlega hefur falli\u00f0 til vegna vanefnda tilbo\u00f0sgjafa.<\/p><p style=\"font-weight: 400;\"><b><strong>Tilbo\u00f0i tilbo\u00f0sgjafa teki\u00f0. Grei\u00f0sla kaupver\u00f0s. M\u00f3ttaka uppbo\u00f0smunar.<br \/><\/strong><\/b>Haft ver\u00f0ur samband vi\u00f0 h\u00e6stbj\u00f3\u00f0anda \u00feann 1. okt\u00f3ber eftir a\u00f0 uppbo\u00f0i l\u00fdkur og\u00a0 uppl\u00fdst um hvernig hann \u00e1 a\u00f0 ganga fr\u00e1 kaupunum.<\/p><p>Hafi tilbo\u00f0sgjafi\/kaupandi ekki sta\u00f0fest kaupin me\u00f0 grei\u00f0slu, og sent sta\u00f0festingu \u00fev\u00ed til s\u00f6nnunar til Lj\u00e1rdals ehf., <strong>innan umsamins t\u00edma<\/strong> fr\u00e1 ofangreindri tilkynningu er Lj\u00e1rdal ehf. heimilt a\u00f0 bj\u00f3\u00f0a \u00f6\u00f0rum tilbo\u00f0sgj\u00f6fum a\u00f0 ganga inn \u00ed tilbo\u00f0 tilbo\u00f0sgjafa. Tilbo\u00f0sgjafi er bundinn vi\u00f0 kauptilbo\u00f0 sitt \u00fear til annar tilbo\u00f0sgjafi hefur sta\u00f0fest a\u00f0 hann vilji ganga inn \u00ed tilbo\u00f0 tilbo\u00f0sgjafa.<\/p><p style=\"font-weight: 400;\"><b><strong>Sending uppbo\u00f0smuna.<br \/><\/strong><\/b>Eftir a\u00f0 gengi\u00f0 hefur veri\u00f0 fr\u00e1 grei\u00f0slu fyrir \u00f6kut\u00e6ki e\u00f0a a\u00f0ra uppbo\u00f0smuni og nau\u00f0synleg skj\u00f6l undirritu\u00f0 geta kaupendur fengi\u00f0 \u00f6kut\u00e6ki e\u00f0a muni senda \u00e1 sinn kostna\u00f0.<\/p><p style=\"font-weight: 400;\"><b><strong>Fyrirvari.<br \/><\/strong><\/b>Allar uppl\u00fdsingar \u00e1 uppbo\u00f0svef Lj\u00e1rdals ehf. eru me\u00f0 fyrirvara og engin \u00e1byrg\u00f0 er tekin \u00e1 mist\u00f6kum sem kunna a\u00f0 ver\u00f0a vegna \u00feess a\u00f0 \u00fe\u00e6r reynast ekki r\u00e9ttar e\u00f0a ef upp koma villur \u00ed t\u00f6lvukerfinu. Lj\u00e1rdalur ehf. \u00e1skilur s\u00e9r r\u00e9tt til breytinga \u00e1 skilm\u00e1lum \u00feessum.<\/p>\t\t\t\t\t\t\t\t<\/div>\n\t\t\t\t<\/div>\n\t\t\t\t\t<\/div>\n\t\t<\/div>\n\t\t\t\t\t<\/div>\n\t\t<\/section>\n\t\t\t\t<\/div>\n\t\t","protected":false},"excerpt":{"rendered":"<p>Skilm\u00e1lar uppbo\u00f0s. Tilbo\u00f0.\u00d6ll tilbo\u00f0 eru bindandi fyrir tilbo\u00f0sgjafa. H\u00e6sta tilbo\u00f0 er s\u00fdnilegt. Tilbo\u00f0sgjafi ver\u00f0ur \u00fev\u00ed a\u00f0 gera h\u00e6rra tilbo\u00f0 en s\u00fdnt er. Ef annar tilbo\u00f0sgjafi gerir h\u00e6rra tilbo\u00f0 \u00ed umr\u00e6ddan uppbo\u00f0smun, getur tilbo\u00f0sgjafi gert n\u00fdtt og h\u00e6rra tilbo\u00f0. Tilbo\u00f0 skulu mi\u00f0a vi\u00f0 sta\u00f0grei\u00f0slu. Vir\u00f0isaukaskattur er innifalinn \u00ed tilbo\u00f0sver\u00f0i nema anna\u00f0 s\u00e9 s\u00e9rstaklega teki\u00f0 fram. N\u00e1ist [&hellip;]<\/p>\n","protected":false},"author":2,"featured_media":0,"parent":0,"menu_order":0,"comment_status":"closed","ping_status":"closed","template":"","meta":{"site-sidebar-layout":"no-sidebar","site-content-layout":"page-builder","ast-site-content-layout":"full-width-container","site-content-style":"default","site-sidebar-style":"default","ast-global-header-display":"","ast-banner-title-visibility":"","ast-main-header-display":"","ast-hfb-above-header-display":"","ast-hfb-below-header-display":"","ast-hfb-mobile-header-display":"","site-post-title":"disabled","ast-breadcrumbs-content":"","ast-featured-img":"disabled","footer-sml-layout":"","ast-disable-related-posts":"","theme-transparent-header-meta":"","adv-header-id-meta":"","stick-header-meta":"","header-above-stick-meta":"","header-main-stick-meta":"","header-below-stick-meta":"","astra-migrate-meta-layouts":"set","ast-page-background-enabled":"default","ast-page-background-meta":{"desktop":{"background-color":"","background-image":"","background-repeat":"repeat","background-position":"center center","background-size":"auto","background-attachment":"scroll","background-type":"","background-media":"","overlay-type":"","overlay-color":"","overlay-opacity":"","overlay-gradient":""},"tablet":{"background-color":"","background-image":"","background-repeat":"repeat","background-position":"center center","background-size":"auto","background-attachment":"scroll","background-type":"","background-media":"","overlay-type":"","overlay-color":"","overlay-opacity":"","overlay-gradient":""},"mobile":{"background-color":"","background-image":"","background-repeat":"repeat","background-position":"center center","background-size":"auto","background-attachment":"scroll","background-type":"","background-media":"","overlay-type":"","overlay-color":"","overlay-opacity":"","overlay-gradient":""}},"ast-content-background-meta":{"desktop":{"background-color":"var(--ast-global-color-5)","background-image":"","background-repeat":"repeat","background-position":"center center","background-size":"auto","background-attachment":"scroll","background-type":"","background-media":"","overlay-type":"","overlay-color":"","overlay-opacity":"","overlay-gradient":""},"tablet":{"background-color":"var(--ast-global-color-5)","background-image":"","background-repeat":"repeat","background-position":"center center","background-size":"auto","background-attachment":"scroll","background-type":"","background-media":"","overlay-type":"","overlay-color":"","overlay-opacity":"","overlay-gradient":""},"mobile":{"background-color":"var(--ast-global-color-5)","background-image":"","background-repeat":"repeat","background-position":"center center","background-size":"auto","background-attachment":"scroll","background-type":"","background-media":"","overlay-type":"","overlay-color":"","overlay-opacity":"","overlay-gradient":""}},"footnotes":""},"class_list":["post-2880","page","type-page","status-publish","hentry"],"_links":{"self":[{"href":"https:\/\/ljardalur.is\/index.php?rest_route=\/wp\/v2\/pages\/2880","targetHints":{"allow":["GET"]}}],"collection":[{"href":"https:\/\/ljardalur.is\/index.php?rest_route=\/wp\/v2\/pages"}],"about":[{"href":"https:\/\/ljardalur.is\/index.php?rest_route=\/wp\/v2\/types\/page"}],"author":[{"embeddable":true,"href":"https:\/\/ljardalur.is\/index.php?rest_route=\/wp\/v2\/users\/2"}],"replies":[{"embeddable":true,"href":"https:\/\/ljardalur.is\/index.php?rest_route=%2Fwp%2Fv2%2Fcomments&post=2880"}],"version-history":[{"count":0,"href":"https:\/\/ljardalur.is\/index.php?rest_route=\/wp\/v2\/pages\/2880\/revisions"}],"wp:attachment":[{"href":"https:\/\/ljardalur.is\/index.php?rest_route=%2Fwp%2Fv2%2Fmedia&parent=2880"}],"curies":[{"name":"wp","href":"https:\/\/api.w.org\/{rel}","templated":true}]}}