{"id":2471,"date":"2025-08-01T00:01:33","date_gmt":"2025-08-01T00:01:33","guid":{"rendered":"https:\/\/ljardalur.is\/?post_type=product&#038;p=2471"},"modified":"2025-10-01T03:05:30","modified_gmt":"2025-10-01T03:05:30","slug":"ht10","status":"publish","type":"product","link":"https:\/\/ljardalur.is\/?product=ht10","title":{"rendered":"HT10"},"content":{"rendered":"<p>HT10 er lang vins\u00e6lasta v\u00e9lin hj\u00e1 okkur.<br \/>\nSt\u00e6r\u00f0in \u00e1 henni gerir hana mj\u00f6g au\u00f0velda \u00ed vinnu fyrir hobby eigandann \u00e1samt \u00feess a\u00f0 h\u00fan tekur l\u00edti\u00f0 pl\u00e1ss \u00ed geymslu og n\u00e1nast hva\u00f0a b\u00edll getur dregi\u00f0 hana.<br \/>\n\u00de\u00f3tt a\u00f0 flestar af \u00feeim s\u00e9u \u00ed sumarb\u00fast\u00f6\u00f0um v\u00ed\u00f0svegar um landi\u00f0 eru \u00fe\u00f3 nokkrar hj\u00e1 verkt\u00f6kum og kirkjug\u00f6r\u00f0um sem eru a\u00f0 taka a\u00f0 s\u00e9r minni verk og kemur h\u00fan s\u00edfelt \u00e1 \u00f3vart<\/p>\n<p>\u00deetta er virkilega skemmtileg v\u00e9l og hentar mj\u00f6g vel \u00ed sumarb\u00fasta\u00f0inn e\u00f0a \u00ed gar\u00f0inn.<\/p>\n<p>Ekki l\u00e1ta st\u00e6r\u00f0ina \u00e1 henni hr\u00e6\u00f0a \u00feig en \u00fea\u00f0 er n\u00f3g pl\u00e1ss inn\u00ed henni fyrir full vaxna manneskju.<\/p>\n<p><strong>\u00deyngd<\/strong>: 1000kg<br \/>\n<strong>V\u00e9l<\/strong>: Eins cylendra Koop Loftk\u00e6ldur<br \/>\n<strong>Afl<\/strong>: 7,6kw\/3600rpm<br \/>\n<strong>Eldsneyti<\/strong>: D\u00edsel<br \/>\n<strong>B\u00fana\u00f0ur<\/strong>: Breikkanlegur undirvagn, mekan\u00edskt hra\u00f0tengi, glussast\u00fdr\u00f0ur \u00feumall og 40cm tennt sk\u00f3fla<\/p>\n","protected":false},"excerpt":{"rendered":"<p><strong>Afm\u00e6li\u00f0stilbo\u00f0 \u00ed september<\/strong><br \/>\n<strong>Ver\u00f0 \u00e1n vsk<\/strong><br \/>\n<strong>Grei\u00f0a \u00fearf 50% sta\u00f0festingargjald<\/strong><br \/>\n<strong>\u00c1\u00e6tlu\u00f0 afhending mars 2026<br \/>\n<\/strong><\/p>\n<p>HT10 er lang vins\u00e6lasta v\u00e9lin hj\u00e1 okkur st\u00e6r\u00f0in \u00e1 henni gerir hana mj\u00f6g au\u00f0velda \u00ed vinnu fyrir hobby eigandann \u00e1samt \u00feess a\u00f0 h\u00fan tekur l\u00edti\u00f0 pl\u00e1ss \u00ed geymslu og n\u00e1nast hva\u00f0a b\u00edll getur dregi\u00f0 hana.<\/p>\n","protected":false},"featured_media":2472,"template":"","meta":{"site-sidebar-layout":"default","site-content-layout":"","ast-site-content-layout":"default","site-content-style":"default","site-sidebar-style":"default","ast-global-header-display":"","ast-banner-title-visibility":"","ast-main-header-display":"","ast-hfb-above-header-display":"","ast-hfb-below-header-display":"","ast-hfb-mobile-header-display":"","site-post-title":"","ast-breadcrumbs-content":"","ast-featured-img":"","footer-sml-layout":"","ast-disable-related-posts":"","theme-transparent-header-meta":"default","adv-header-id-meta":"","stick-header-meta":"","header-above-stick-meta":"","header-main-stick-meta":"","header-below-stick-meta":"","astra-migrate-meta-layouts":"set","ast-page-background-enabled":"default","ast-page-background-meta":{"desktop":{"background-color":"","background-image":"","background-repeat":"repeat","background-position":"center center","background-size":"auto","background-attachment":"scroll","background-type":"","background-media":"","overlay-type":"","overlay-color":"","overlay-opacity":"","overlay-gradient":""},"tablet":{"background-color":"","background-image":"","background-repeat":"repeat","background-position":"center center","background-size":"auto","background-attachment":"scroll","background-type":"","background-media":"","overlay-type":"","overlay-color":"","overlay-opacity":"","overlay-gradient":""},"mobile":{"background-color":"","background-image":"","background-repeat":"repeat","background-position":"center center","background-size":"auto","background-attachment":"scroll","background-type":"","background-media":"","overlay-type":"","overlay-color":"","overlay-opacity":"","overlay-gradient":""}},"ast-content-background-meta":{"desktop":{"background-color":"var(--ast-global-color-5)","background-image":"","background-repeat":"repeat","background-position":"center center","background-size":"auto","background-attachment":"scroll","background-type":"","background-media":"","overlay-type":"","overlay-color":"","overlay-opacity":"","overlay-gradient":""},"tablet":{"background-color":"var(--ast-global-color-5)","background-image":"","background-repeat":"repeat","background-position":"center center","background-size":"auto","background-attachment":"scroll","background-type":"","background-media":"","overlay-type":"","overlay-color":"","overlay-opacity":"","overlay-gradient":""},"mobile":{"background-color":"var(--ast-global-color-5)","background-image":"","background-repeat":"repeat","background-position":"center center","background-size":"auto","background-attachment":"scroll","background-type":"","background-media":"","overlay-type":"","overlay-color":"","overlay-opacity":"","overlay-gradient":""}}},"product_brand":[],"product_cat":[27],"product_tag":[45],"class_list":{"0":"post-2471","1":"product","2":"type-product","3":"status-publish","4":"has-post-thumbnail","6":"product_cat-grofur","7":"product_tag-ht10","8":"desktop-align-left","9":"tablet-align-left","10":"mobile-align-left","12":"first","13":"instock","14":"taxable","15":"shipping-taxable","16":"product-type-simple"},"_links":{"self":[{"href":"https:\/\/ljardalur.is\/index.php?rest_route=\/wp\/v2\/product\/2471","targetHints":{"allow":["GET"]}}],"collection":[{"href":"https:\/\/ljardalur.is\/index.php?rest_route=\/wp\/v2\/product"}],"about":[{"href":"https:\/\/ljardalur.is\/index.php?rest_route=\/wp\/v2\/types\/product"}],"wp:featuredmedia":[{"embeddable":true,"href":"https:\/\/ljardalur.is\/index.php?rest_route=\/wp\/v2\/media\/2472"}],"wp:attachment":[{"href":"https:\/\/ljardalur.is\/index.php?rest_route=%2Fwp%2Fv2%2Fmedia&parent=2471"}],"wp:term":[{"taxonomy":"product_brand","embeddable":true,"href":"https:\/\/ljardalur.is\/index.php?rest_route=%2Fwp%2Fv2%2Fproduct_brand&post=2471"},{"taxonomy":"product_cat","embeddable":true,"href":"https:\/\/ljardalur.is\/index.php?rest_route=%2Fwp%2Fv2%2Fproduct_cat&post=2471"},{"taxonomy":"product_tag","embeddable":true,"href":"https:\/\/ljardalur.is\/index.php?rest_route=%2Fwp%2Fv2%2Fproduct_tag&post=2471"}],"curies":[{"name":"wp","href":"https:\/\/api.w.org\/{rel}","templated":true}]}}