{"id":2491,"date":"2025-08-01T00:01:08","date_gmt":"2025-08-01T00:01:08","guid":{"rendered":"https:\/\/ljardalur.is\/?post_type=product&#038;p=2491"},"modified":"2025-10-01T03:05:30","modified_gmt":"2025-10-01T03:05:30","slug":"ht16","status":"publish","type":"product","link":"https:\/\/ljardalur.is\/?product=ht16","title":{"rendered":"HT16"},"content":{"rendered":"<p>H\u00fan er komin me\u00f0 opnanlega framr\u00fa\u00f0u og pedala fyrir keyrsluna \u00e1samt pedala sem stj\u00f3rnar auka glussa \u00fartakinu \u00e1 b\u00f3muni sem kemur s\u00e9r einstaklega vel \u00feegar ver\u00f0 er a\u00f0 vinna me\u00f0 tilt sk\u00f3flu t.d<\/p>\n<p>\u00c1samt \u00fev\u00ed er h\u00fan me\u00f0\u00a0 sveigju \u00e1 b\u00f3munni b\u00e6\u00f0i til h\u00e6gri og til vinstri sem gerir hana g\u00edfurlega hentuga \u00ed \u00fer\u00f6ngar a\u00f0st\u00e6\u00f0ur.<\/p>\n<p>\u00deessi myndi henta mj\u00f6g vel sem aukav\u00e9l fyrir verktakann og yr\u00f0i flott \u00ed lagnaskur\u00f0i \u00ed grunnum.<\/p>\n<p><strong>\u00deyngd<\/strong>: 1600kg<br \/>\n<strong>V\u00e9l<\/strong>: Tveggja cylendra Koop loftk\u00e6ldur me\u00f0 forhitara<br \/>\n<strong>Afl<\/strong>: 16,5kw\/3600rpm<br \/>\n<strong>Eldsneyti<\/strong>: D\u00edsel<br \/>\n<strong>B\u00fana\u00f0ur<\/strong>:\u00a0Sveigjanleg b\u00f3ma, Breikkanlegur undirvagn, mekan\u00edskt hra\u00f0tengi, 40cm tennt sk\u00f3fla og glussast\u00fdr\u00f0ur \u00feumall<\/p>\n","protected":false},"excerpt":{"rendered":"<p><strong>Afm\u00e6li\u00f0stilbo\u00f0 \u00ed september<\/strong><br \/>\n<strong>Ver\u00f0 \u00e1n vsk<\/strong><br \/>\n<strong>Grei\u00f0a \u00fearf 50% sta\u00f0festingargjald<\/strong><br \/>\n<strong>\u00c1\u00e6tlu\u00f0 afhending mars 2026<\/strong><\/p>\n<p>HT16 er or\u00f0in mj\u00f6g vel b\u00fain v\u00e9l og hentar h\u00fan vel \u00ed verkt\u00f6ku e\u00f0a fyrir \u00fe\u00e1 sem kj\u00f3sa mikil \u00fe\u00e6gindi \u00e1n \u00feess a\u00f0 fara \u00ed mj\u00f6g d\u00fdra v\u00e9l.<\/p>\n<p>Hafi\u00f0 samband vi\u00f0 arnar@ljardalur fyrir frekari uppl\u00fdsingar.<\/p>\n","protected":false},"featured_media":2510,"template":"","meta":{"site-sidebar-layout":"default","site-content-layout":"","ast-site-content-layout":"default","site-content-style":"default","site-sidebar-style":"default","ast-global-header-display":"","ast-banner-title-visibility":"","ast-main-header-display":"","ast-hfb-above-header-display":"","ast-hfb-below-header-display":"","ast-hfb-mobile-header-display":"","site-post-title":"","ast-breadcrumbs-content":"","ast-featured-img":"","footer-sml-layout":"","ast-disable-related-posts":"","theme-transparent-header-meta":"default","adv-header-id-meta":"","stick-header-meta":"","header-above-stick-meta":"","header-main-stick-meta":"","header-below-stick-meta":"","astra-migrate-meta-layouts":"set","ast-page-background-enabled":"default","ast-page-background-meta":{"desktop":{"background-color":"","background-image":"","background-repeat":"repeat","background-position":"center center","background-size":"auto","background-attachment":"scroll","background-type":"","background-media":"","overlay-type":"","overlay-color":"","overlay-opacity":"","overlay-gradient":""},"tablet":{"background-color":"","background-image":"","background-repeat":"repeat","background-position":"center center","background-size":"auto","background-attachment":"scroll","background-type":"","background-media":"","overlay-type":"","overlay-color":"","overlay-opacity":"","overlay-gradient":""},"mobile":{"background-color":"","background-image":"","background-repeat":"repeat","background-position":"center center","background-size":"auto","background-attachment":"scroll","background-type":"","background-media":"","overlay-type":"","overlay-color":"","overlay-opacity":"","overlay-gradient":""}},"ast-content-background-meta":{"desktop":{"background-color":"var(--ast-global-color-5)","background-image":"","background-repeat":"repeat","background-position":"center center","background-size":"auto","background-attachment":"scroll","background-type":"","background-media":"","overlay-type":"","overlay-color":"","overlay-opacity":"","overlay-gradient":""},"tablet":{"background-color":"var(--ast-global-color-5)","background-image":"","background-repeat":"repeat","background-position":"center center","background-size":"auto","background-attachment":"scroll","background-type":"","background-media":"","overlay-type":"","overlay-color":"","overlay-opacity":"","overlay-gradient":""},"mobile":{"background-color":"var(--ast-global-color-5)","background-image":"","background-repeat":"repeat","background-position":"center center","background-size":"auto","background-attachment":"scroll","background-type":"","background-media":"","overlay-type":"","overlay-color":"","overlay-opacity":"","overlay-gradient":""}}},"product_brand":[],"product_cat":[27],"product_tag":[46],"class_list":{"0":"post-2491","1":"product","2":"type-product","3":"status-publish","4":"has-post-thumbnail","6":"product_cat-grofur","7":"product_tag-ht16","8":"desktop-align-left","9":"tablet-align-left","10":"mobile-align-left","12":"first","13":"instock","14":"taxable","15":"shipping-taxable","16":"product-type-simple"},"_links":{"self":[{"href":"https:\/\/ljardalur.is\/index.php?rest_route=\/wp\/v2\/product\/2491","targetHints":{"allow":["GET"]}}],"collection":[{"href":"https:\/\/ljardalur.is\/index.php?rest_route=\/wp\/v2\/product"}],"about":[{"href":"https:\/\/ljardalur.is\/index.php?rest_route=\/wp\/v2\/types\/product"}],"wp:featuredmedia":[{"embeddable":true,"href":"https:\/\/ljardalur.is\/index.php?rest_route=\/wp\/v2\/media\/2510"}],"wp:attachment":[{"href":"https:\/\/ljardalur.is\/index.php?rest_route=%2Fwp%2Fv2%2Fmedia&parent=2491"}],"wp:term":[{"taxonomy":"product_brand","embeddable":true,"href":"https:\/\/ljardalur.is\/index.php?rest_route=%2Fwp%2Fv2%2Fproduct_brand&post=2491"},{"taxonomy":"product_cat","embeddable":true,"href":"https:\/\/ljardalur.is\/index.php?rest_route=%2Fwp%2Fv2%2Fproduct_cat&post=2491"},{"taxonomy":"product_tag","embeddable":true,"href":"https:\/\/ljardalur.is\/index.php?rest_route=%2Fwp%2Fv2%2Fproduct_tag&post=2491"}],"curies":[{"name":"wp","href":"https:\/\/api.w.org\/{rel}","templated":true}]}}