{"id":2522,"date":"2025-08-01T00:01:07","date_gmt":"2025-08-01T00:01:07","guid":{"rendered":"https:\/\/ljardalur.is\/?post_type=product&#038;p=2522"},"modified":"2025-10-01T03:05:30","modified_gmt":"2025-10-01T03:05:30","slug":"ht20","status":"publish","type":"product","link":"https:\/\/ljardalur.is\/?product=ht20","title":{"rendered":"HT20"},"content":{"rendered":"<p>HT20 er rosalega \u00f6flug v\u00e9l me\u00f0 breikkanlega undirvagninum er h\u00fan mj\u00f6g st\u00f6\u00f0ug og getur unni\u00f0 me\u00f0 miklar \u00feyngdir til hli\u00f0ar vi\u00f0 sig. HT20 er me\u00f0 Kubota D902 \u00feriggja cylendra v\u00f6kvak\u00e6ldri v\u00e9l sem skilar yfir 20 hest\u00f6flum.<\/p>\n<p>Me\u00f0 opnanlegu framr\u00fa\u00f0unni og pedulum til a\u00f0 keyra og stj\u00f3rna glussa\u00fartaki \u00e1 b\u00f3mu er \u00feessi v\u00e9l flott fyrir verktakann.<\/p>\n<p><strong>\u00deyngd<\/strong>: 2000kg<br \/>\n<strong>V\u00e9l<\/strong>: Kubota D902<br \/>\n<strong>Afl<\/strong>: 20,4hp\/3600rpm<br \/>\n<strong>Eldsneyti<\/strong>: D\u00edsel<br \/>\n<strong>B\u00fana\u00f0ur<\/strong>: Sveigjanleg b\u00f3ma, breikkanlegur undirvagn, mekan\u00edskt hra\u00f0tengi, 40cm sk\u00f3fla, glussast\u00fdr\u00f0ur \u00feumall, hitari \u00ed h\u00fasi<\/p>\n","protected":false},"excerpt":{"rendered":"<p><strong>Afm\u00e6li\u00f0stilbo\u00f0 \u00ed september<\/strong><br \/>\n<strong>Ver\u00f0 \u00e1n vsk<\/strong><br \/>\n<strong>Grei\u00f0a \u00fearf 50% sta\u00f0festingargjald<\/strong><br \/>\n<strong>\u00c1\u00e6tlu\u00f0 afhending mars 2026<\/strong><\/p>\n<p>HT20 er rosalega \u00f6flug v\u00e9l me\u00f0 breikkanlega undirvagninum er h\u00fan mj\u00f6g st\u00f6\u00f0ug og getur unni\u00f0 me\u00f0 miklar \u00feyngdir til hli\u00f0ar vi\u00f0 sig. HT20 er me\u00f0 Kubota D902 \u00feriggja cylendra v\u00f6kvak\u00e6ldri v\u00e9l sem skilar yfir 20 hest\u00f6flum.<\/p>\n<p><strong>Fyrir frekari uppl\u00fdsingar hafi\u00f0 samband vi\u00f0 s\u00f6lumann\u00a0arnar@ljardalur.is<\/strong><\/p>\n","protected":false},"featured_media":2527,"template":"","meta":{"site-sidebar-layout":"default","site-content-layout":"","ast-site-content-layout":"default","site-content-style":"default","site-sidebar-style":"default","ast-global-header-display":"","ast-banner-title-visibility":"","ast-main-header-display":"","ast-hfb-above-header-display":"","ast-hfb-below-header-display":"","ast-hfb-mobile-header-display":"","site-post-title":"","ast-breadcrumbs-content":"","ast-featured-img":"","footer-sml-layout":"","ast-disable-related-posts":"","theme-transparent-header-meta":"default","adv-header-id-meta":"","stick-header-meta":"","header-above-stick-meta":"","header-main-stick-meta":"","header-below-stick-meta":"","astra-migrate-meta-layouts":"set","ast-page-background-enabled":"default","ast-page-background-meta":{"desktop":{"background-color":"","background-image":"","background-repeat":"repeat","background-position":"center center","background-size":"auto","background-attachment":"scroll","background-type":"","background-media":"","overlay-type":"","overlay-color":"","overlay-opacity":"","overlay-gradient":""},"tablet":{"background-color":"","background-image":"","background-repeat":"repeat","background-position":"center center","background-size":"auto","background-attachment":"scroll","background-type":"","background-media":"","overlay-type":"","overlay-color":"","overlay-opacity":"","overlay-gradient":""},"mobile":{"background-color":"","background-image":"","background-repeat":"repeat","background-position":"center center","background-size":"auto","background-attachment":"scroll","background-type":"","background-media":"","overlay-type":"","overlay-color":"","overlay-opacity":"","overlay-gradient":""}},"ast-content-background-meta":{"desktop":{"background-color":"var(--ast-global-color-5)","background-image":"","background-repeat":"repeat","background-position":"center center","background-size":"auto","background-attachment":"scroll","background-type":"","background-media":"","overlay-type":"","overlay-color":"","overlay-opacity":"","overlay-gradient":""},"tablet":{"background-color":"var(--ast-global-color-5)","background-image":"","background-repeat":"repeat","background-position":"center center","background-size":"auto","background-attachment":"scroll","background-type":"","background-media":"","overlay-type":"","overlay-color":"","overlay-opacity":"","overlay-gradient":""},"mobile":{"background-color":"var(--ast-global-color-5)","background-image":"","background-repeat":"repeat","background-position":"center center","background-size":"auto","background-attachment":"scroll","background-type":"","background-media":"","overlay-type":"","overlay-color":"","overlay-opacity":"","overlay-gradient":""}}},"product_brand":[],"product_cat":[27],"product_tag":[47],"class_list":{"0":"post-2522","1":"product","2":"type-product","3":"status-publish","4":"has-post-thumbnail","6":"product_cat-grofur","7":"product_tag-ht20","8":"desktop-align-left","9":"tablet-align-left","10":"mobile-align-left","12":"first","13":"instock","14":"taxable","15":"shipping-taxable","16":"product-type-simple"},"_links":{"self":[{"href":"https:\/\/ljardalur.is\/index.php?rest_route=\/wp\/v2\/product\/2522","targetHints":{"allow":["GET"]}}],"collection":[{"href":"https:\/\/ljardalur.is\/index.php?rest_route=\/wp\/v2\/product"}],"about":[{"href":"https:\/\/ljardalur.is\/index.php?rest_route=\/wp\/v2\/types\/product"}],"wp:featuredmedia":[{"embeddable":true,"href":"https:\/\/ljardalur.is\/index.php?rest_route=\/wp\/v2\/media\/2527"}],"wp:attachment":[{"href":"https:\/\/ljardalur.is\/index.php?rest_route=%2Fwp%2Fv2%2Fmedia&parent=2522"}],"wp:term":[{"taxonomy":"product_brand","embeddable":true,"href":"https:\/\/ljardalur.is\/index.php?rest_route=%2Fwp%2Fv2%2Fproduct_brand&post=2522"},{"taxonomy":"product_cat","embeddable":true,"href":"https:\/\/ljardalur.is\/index.php?rest_route=%2Fwp%2Fv2%2Fproduct_cat&post=2522"},{"taxonomy":"product_tag","embeddable":true,"href":"https:\/\/ljardalur.is\/index.php?rest_route=%2Fwp%2Fv2%2Fproduct_tag&post=2522"}],"curies":[{"name":"wp","href":"https:\/\/api.w.org\/{rel}","templated":true}]}}