{"id":2530,"date":"2025-04-29T21:21:42","date_gmt":"2025-04-29T21:21:42","guid":{"rendered":"https:\/\/ljardalur.is\/?post_type=product&#038;p=2530"},"modified":"2025-08-29T09:55:31","modified_gmt":"2025-08-29T09:55:31","slug":"ht90","status":"publish","type":"product","link":"https:\/\/ljardalur.is\/?product=ht90","title":{"rendered":"HT90"},"content":{"rendered":"<p>\u00deyngd: 9 tonn<br \/>\nSk\u00f3flu st\u00e6r\u00f0: 0,34m3<br \/>\nV\u00e9l :Yanmar4TNV98T<br \/>\nAfl: 54,3kw\/2200rpm<br \/>\nOl\u00edutankur: 130 l\u00edtrar<br \/>\nKeyrslu hra\u00f0i: 5,1\/2,7 kmh<br \/>\nSn\u00fanings hra\u00f0i: 10 sn\u00faningar \u00e1 m\u00ednutu<br \/>\nKeyrsla upp halla: 70%<br \/>\nSk\u00f3flu kraftur: 60kn<br \/>\nSk\u00f3flutjakka lengd: 1650mm<br \/>\nDipper: 3710mm<br \/>\n\u00der\u00fdstingur \u00e1 j\u00f6r\u00f0: 30kpa<br \/>\nGlussatankur: 90 l\u00edtrar<\/p>\n<p>\u00deessi v\u00e9l er s\u00e9rp\u00f6ntun.<\/p>\n","protected":false},"excerpt":{"rendered":"<p>St\u00e6rsta v\u00e9lin sem vi\u00f0 bj\u00f3\u00f0um upp\u00e1 og kemur me\u00f0 Yanmar v\u00e9l.<\/p>\n<p><strong>Fyrir frekari uppl\u00fdsingar hafi\u00f0 samband vi\u00f0 s\u00f6lumann\u00a0arnar@ljardalur.is<\/strong><\/p>\n","protected":false},"featured_media":1950,"template":"","meta":{"site-sidebar-layout":"default","site-content-layout":"","ast-site-content-layout":"default","site-content-style":"default","site-sidebar-style":"default","ast-global-header-display":"","ast-banner-title-visibility":"","ast-main-header-display":"","ast-hfb-above-header-display":"","ast-hfb-below-header-display":"","ast-hfb-mobile-header-display":"","site-post-title":"","ast-breadcrumbs-content":"","ast-featured-img":"","footer-sml-layout":"","ast-disable-related-posts":"","theme-transparent-header-meta":"default","adv-header-id-meta":"","stick-header-meta":"","header-above-stick-meta":"","header-main-stick-meta":"","header-below-stick-meta":"","astra-migrate-meta-layouts":"set","ast-page-background-enabled":"default","ast-page-background-meta":{"desktop":{"background-color":"","background-image":"","background-repeat":"repeat","background-position":"center center","background-size":"auto","background-attachment":"scroll","background-type":"","background-media":"","overlay-type":"","overlay-color":"","overlay-opacity":"","overlay-gradient":""},"tablet":{"background-color":"","background-image":"","background-repeat":"repeat","background-position":"center center","background-size":"auto","background-attachment":"scroll","background-type":"","background-media":"","overlay-type":"","overlay-color":"","overlay-opacity":"","overlay-gradient":""},"mobile":{"background-color":"","background-image":"","background-repeat":"repeat","background-position":"center center","background-size":"auto","background-attachment":"scroll","background-type":"","background-media":"","overlay-type":"","overlay-color":"","overlay-opacity":"","overlay-gradient":""}},"ast-content-background-meta":{"desktop":{"background-color":"var(--ast-global-color-5)","background-image":"","background-repeat":"repeat","background-position":"center center","background-size":"auto","background-attachment":"scroll","background-type":"","background-media":"","overlay-type":"","overlay-color":"","overlay-opacity":"","overlay-gradient":""},"tablet":{"background-color":"var(--ast-global-color-5)","background-image":"","background-repeat":"repeat","background-position":"center center","background-size":"auto","background-attachment":"scroll","background-type":"","background-media":"","overlay-type":"","overlay-color":"","overlay-opacity":"","overlay-gradient":""},"mobile":{"background-color":"var(--ast-global-color-5)","background-image":"","background-repeat":"repeat","background-position":"center center","background-size":"auto","background-attachment":"scroll","background-type":"","background-media":"","overlay-type":"","overlay-color":"","overlay-opacity":"","overlay-gradient":""}}},"product_brand":[],"product_cat":[27],"product_tag":[48],"class_list":{"0":"post-2530","1":"product","2":"type-product","3":"status-publish","4":"has-post-thumbnail","6":"product_cat-grofur","7":"product_tag-ht90","8":"desktop-align-left","9":"tablet-align-left","10":"mobile-align-left","12":"first","13":"instock","14":"taxable","15":"shipping-taxable","16":"product-type-simple"},"_links":{"self":[{"href":"https:\/\/ljardalur.is\/index.php?rest_route=\/wp\/v2\/product\/2530","targetHints":{"allow":["GET"]}}],"collection":[{"href":"https:\/\/ljardalur.is\/index.php?rest_route=\/wp\/v2\/product"}],"about":[{"href":"https:\/\/ljardalur.is\/index.php?rest_route=\/wp\/v2\/types\/product"}],"wp:featuredmedia":[{"embeddable":true,"href":"https:\/\/ljardalur.is\/index.php?rest_route=\/wp\/v2\/media\/1950"}],"wp:attachment":[{"href":"https:\/\/ljardalur.is\/index.php?rest_route=%2Fwp%2Fv2%2Fmedia&parent=2530"}],"wp:term":[{"taxonomy":"product_brand","embeddable":true,"href":"https:\/\/ljardalur.is\/index.php?rest_route=%2Fwp%2Fv2%2Fproduct_brand&post=2530"},{"taxonomy":"product_cat","embeddable":true,"href":"https:\/\/ljardalur.is\/index.php?rest_route=%2Fwp%2Fv2%2Fproduct_cat&post=2530"},{"taxonomy":"product_tag","embeddable":true,"href":"https:\/\/ljardalur.is\/index.php?rest_route=%2Fwp%2Fv2%2Fproduct_tag&post=2530"}],"curies":[{"name":"wp","href":"https:\/\/api.w.org\/{rel}","templated":true}]}}