{"id":2577,"date":"2025-04-30T10:20:52","date_gmt":"2025-04-30T10:20:52","guid":{"rendered":"https:\/\/ljardalur.is\/?post_type=product&#038;p=2577"},"modified":"2025-10-01T00:01:19","modified_gmt":"2025-10-01T00:01:19","slug":"bor-fyrir-staurabor","status":"publish","type":"product","link":"https:\/\/ljardalur.is\/?product=bor-fyrir-staurabor","title":{"rendered":"Bor fyrir staurabor"},"content":{"rendered":"<p>\u00deessi hentar fyrir allar st\u00e6r\u00f0ir upp\u00ed HT20<\/p>\n","protected":false},"excerpt":{"rendered":"<p>Stauraborinn er hentugur til a\u00f0 bora fyrir gir\u00f0ingastaurum \u00e1samtr gr\u00f3\u00f0ursetningu trj\u00e1a<\/p>\n<p>Breidd: 150mm &#8211; 200mm<br \/>\nLengd: 1000mm<br \/>\nBorar eru seldir s\u00e9r og koma \u00ed 150mm og 200mm<\/p>\n","protected":false},"featured_media":2578,"template":"","meta":{"site-sidebar-layout":"default","site-content-layout":"","ast-site-content-layout":"default","site-content-style":"default","site-sidebar-style":"default","ast-global-header-display":"","ast-banner-title-visibility":"","ast-main-header-display":"","ast-hfb-above-header-display":"","ast-hfb-below-header-display":"","ast-hfb-mobile-header-display":"","site-post-title":"","ast-breadcrumbs-content":"","ast-featured-img":"","footer-sml-layout":"","ast-disable-related-posts":"","theme-transparent-header-meta":"default","adv-header-id-meta":"","stick-header-meta":"","header-above-stick-meta":"","header-main-stick-meta":"","header-below-stick-meta":"","astra-migrate-meta-layouts":"set","ast-page-background-enabled":"default","ast-page-background-meta":{"desktop":{"background-color":"","background-image":"","background-repeat":"repeat","background-position":"center center","background-size":"auto","background-attachment":"scroll","background-type":"","background-media":"","overlay-type":"","overlay-color":"","overlay-opacity":"","overlay-gradient":""},"tablet":{"background-color":"","background-image":"","background-repeat":"repeat","background-position":"center center","background-size":"auto","background-attachment":"scroll","background-type":"","background-media":"","overlay-type":"","overlay-color":"","overlay-opacity":"","overlay-gradient":""},"mobile":{"background-color":"","background-image":"","background-repeat":"repeat","background-position":"center center","background-size":"auto","background-attachment":"scroll","background-type":"","background-media":"","overlay-type":"","overlay-color":"","overlay-opacity":"","overlay-gradient":""}},"ast-content-background-meta":{"desktop":{"background-color":"var(--ast-global-color-5)","background-image":"","background-repeat":"repeat","background-position":"center center","background-size":"auto","background-attachment":"scroll","background-type":"","background-media":"","overlay-type":"","overlay-color":"","overlay-opacity":"","overlay-gradient":""},"tablet":{"background-color":"var(--ast-global-color-5)","background-image":"","background-repeat":"repeat","background-position":"center center","background-size":"auto","background-attachment":"scroll","background-type":"","background-media":"","overlay-type":"","overlay-color":"","overlay-opacity":"","overlay-gradient":""},"mobile":{"background-color":"var(--ast-global-color-5)","background-image":"","background-repeat":"repeat","background-position":"center center","background-size":"auto","background-attachment":"scroll","background-type":"","background-media":"","overlay-type":"","overlay-color":"","overlay-opacity":"","overlay-gradient":""}}},"product_brand":[],"product_cat":[43],"product_tag":[45,50,46,52,47],"class_list":{"0":"post-2577","1":"product","2":"type-product","3":"status-publish","4":"has-post-thumbnail","6":"product_cat-aukahlutir","7":"product_tag-ht10","8":"product_tag-ht15","9":"product_tag-ht16","10":"product_tag-ht18","11":"product_tag-ht20","12":"desktop-align-left","13":"tablet-align-left","14":"mobile-align-left","16":"first","17":"instock","18":"taxable","19":"shipping-taxable","20":"purchasable","21":"product-type-variable"},"_links":{"self":[{"href":"https:\/\/ljardalur.is\/index.php?rest_route=\/wp\/v2\/product\/2577","targetHints":{"allow":["GET"]}}],"collection":[{"href":"https:\/\/ljardalur.is\/index.php?rest_route=\/wp\/v2\/product"}],"about":[{"href":"https:\/\/ljardalur.is\/index.php?rest_route=\/wp\/v2\/types\/product"}],"wp:featuredmedia":[{"embeddable":true,"href":"https:\/\/ljardalur.is\/index.php?rest_route=\/wp\/v2\/media\/2578"}],"wp:attachment":[{"href":"https:\/\/ljardalur.is\/index.php?rest_route=%2Fwp%2Fv2%2Fmedia&parent=2577"}],"wp:term":[{"taxonomy":"product_brand","embeddable":true,"href":"https:\/\/ljardalur.is\/index.php?rest_route=%2Fwp%2Fv2%2Fproduct_brand&post=2577"},{"taxonomy":"product_cat","embeddable":true,"href":"https:\/\/ljardalur.is\/index.php?rest_route=%2Fwp%2Fv2%2Fproduct_cat&post=2577"},{"taxonomy":"product_tag","embeddable":true,"href":"https:\/\/ljardalur.is\/index.php?rest_route=%2Fwp%2Fv2%2Fproduct_tag&post=2577"}],"curies":[{"name":"wp","href":"https:\/\/api.w.org\/{rel}","templated":true}]}}