{"id":2628,"date":"2025-04-30T11:27:01","date_gmt":"2025-04-30T11:27:01","guid":{"rendered":"https:\/\/ljardalur.is\/?post_type=product&#038;p=2628"},"modified":"2025-05-22T15:17:43","modified_gmt":"2025-05-22T15:17:43","slug":"framhjol-med-belta-strekkjara-2","status":"publish","type":"product","link":"https:\/\/ljardalur.is\/?product=framhjol-med-belta-strekkjara-2","title":{"rendered":"Framhj\u00f3l me\u00f0 belta strekkjara"},"content":{"rendered":"<p><strong>St\u00e6r\u00f0 gr\u00f6fu:<\/strong> HT16 og HT20<\/p>\n","protected":false},"excerpt":{"rendered":"<p>Framhj\u00f3l, er nau\u00f0synlegur hluti \u00ed undirvagni beltav\u00e9la, svo sem gr\u00f6fum. Framhj\u00f3li\u00f0 hj\u00e1lpar til vi\u00f0 a\u00f0 lei\u00f0a belti\u00f0 \u00e1 me\u00f0an \u00fea\u00f0 vi\u00f0heldur r\u00e9ttri spennu, sem tryggir mj\u00faka hreyfingu og b\u00e6tir vi\u00f0 grip. Belta strekkjarinn gerir m\u00f6gulegt a\u00f0 stilla spennuna \u00e1 beltinu, sem er mikilv\u00e6gt til a\u00f0 koma \u00ed veg fyrir slit og a\u00f0 missa belti\u00f0 af. Reglulegar sko\u00f0anir og umhir\u00f0a \u00e1 framhj\u00f3linu og strekkjaranum eru mikilv\u00e6gar fyrir bestu frammist\u00f6\u00f0u og langan l\u00edft\u00edma v\u00e9larinnar.<\/p>\n","protected":false},"featured_media":2629,"template":"","meta":{"site-sidebar-layout":"default","site-content-layout":"","ast-site-content-layout":"default","site-content-style":"default","site-sidebar-style":"default","ast-global-header-display":"","ast-banner-title-visibility":"","ast-main-header-display":"","ast-hfb-above-header-display":"","ast-hfb-below-header-display":"","ast-hfb-mobile-header-display":"","site-post-title":"","ast-breadcrumbs-content":"","ast-featured-img":"","footer-sml-layout":"","ast-disable-related-posts":"","theme-transparent-header-meta":"default","adv-header-id-meta":"","stick-header-meta":"","header-above-stick-meta":"","header-main-stick-meta":"","header-below-stick-meta":"","astra-migrate-meta-layouts":"set","ast-page-background-enabled":"default","ast-page-background-meta":{"desktop":{"background-color":"","background-image":"","background-repeat":"repeat","background-position":"center center","background-size":"auto","background-attachment":"scroll","background-type":"","background-media":"","overlay-type":"","overlay-color":"","overlay-opacity":"","overlay-gradient":""},"tablet":{"background-color":"","background-image":"","background-repeat":"repeat","background-position":"center center","background-size":"auto","background-attachment":"scroll","background-type":"","background-media":"","overlay-type":"","overlay-color":"","overlay-opacity":"","overlay-gradient":""},"mobile":{"background-color":"","background-image":"","background-repeat":"repeat","background-position":"center center","background-size":"auto","background-attachment":"scroll","background-type":"","background-media":"","overlay-type":"","overlay-color":"","overlay-opacity":"","overlay-gradient":""}},"ast-content-background-meta":{"desktop":{"background-color":"var(--ast-global-color-5)","background-image":"","background-repeat":"repeat","background-position":"center center","background-size":"auto","background-attachment":"scroll","background-type":"","background-media":"","overlay-type":"","overlay-color":"","overlay-opacity":"","overlay-gradient":""},"tablet":{"background-color":"var(--ast-global-color-5)","background-image":"","background-repeat":"repeat","background-position":"center center","background-size":"auto","background-attachment":"scroll","background-type":"","background-media":"","overlay-type":"","overlay-color":"","overlay-opacity":"","overlay-gradient":""},"mobile":{"background-color":"var(--ast-global-color-5)","background-image":"","background-repeat":"repeat","background-position":"center center","background-size":"auto","background-attachment":"scroll","background-type":"","background-media":"","overlay-type":"","overlay-color":"","overlay-opacity":"","overlay-gradient":""}}},"product_brand":[],"product_cat":[53,57],"product_tag":[46,47],"class_list":{"0":"post-2628","1":"product","2":"type-product","3":"status-publish","4":"has-post-thumbnail","6":"product_cat-ht16","7":"product_cat-ht20","8":"product_tag-ht16","9":"product_tag-ht20","10":"desktop-align-left","11":"tablet-align-left","12":"mobile-align-left","14":"first","15":"instock","16":"taxable","17":"shipping-taxable","18":"purchasable","19":"product-type-simple"},"_links":{"self":[{"href":"https:\/\/ljardalur.is\/index.php?rest_route=\/wp\/v2\/product\/2628","targetHints":{"allow":["GET"]}}],"collection":[{"href":"https:\/\/ljardalur.is\/index.php?rest_route=\/wp\/v2\/product"}],"about":[{"href":"https:\/\/ljardalur.is\/index.php?rest_route=\/wp\/v2\/types\/product"}],"wp:featuredmedia":[{"embeddable":true,"href":"https:\/\/ljardalur.is\/index.php?rest_route=\/wp\/v2\/media\/2629"}],"wp:attachment":[{"href":"https:\/\/ljardalur.is\/index.php?rest_route=%2Fwp%2Fv2%2Fmedia&parent=2628"}],"wp:term":[{"taxonomy":"product_brand","embeddable":true,"href":"https:\/\/ljardalur.is\/index.php?rest_route=%2Fwp%2Fv2%2Fproduct_brand&post=2628"},{"taxonomy":"product_cat","embeddable":true,"href":"https:\/\/ljardalur.is\/index.php?rest_route=%2Fwp%2Fv2%2Fproduct_cat&post=2628"},{"taxonomy":"product_tag","embeddable":true,"href":"https:\/\/ljardalur.is\/index.php?rest_route=%2Fwp%2Fv2%2Fproduct_tag&post=2628"}],"curies":[{"name":"wp","href":"https:\/\/api.w.org\/{rel}","templated":true}]}}