{"id":2662,"date":"2025-04-30T12:10:20","date_gmt":"2025-04-30T12:10:20","guid":{"rendered":"https:\/\/ljardalur.is\/?post_type=product&#038;p=2662"},"modified":"2025-06-18T17:34:29","modified_gmt":"2025-06-18T17:34:29","slug":"loftsia-ht90","status":"publish","type":"product","link":"https:\/\/ljardalur.is\/?product=loftsia-ht90","title":{"rendered":"Lofts\u00eda &#8211; HT90"},"content":{"rendered":"<p><strong>S\u00eduskipti:<\/strong> Um 500-600 klukkut\u00edmafresti<\/p>\n<p><strong>St\u00e6r\u00f0 gr\u00f6fu:<\/strong> HT90<\/p>\n","protected":false},"excerpt":{"rendered":"<p>Hrein lofts\u00eda er nau\u00f0synleg fyrir v\u00e9lar, \u00fear sem h\u00fan kemur \u00ed veg fyrir a\u00f0 ryk og \u00f3hreinindi komist inn \u00ed v\u00e9lina og tryggir bestu frammist\u00f6\u00f0u. Hreint loft b\u00e6tir afk\u00f6st brennslu og minnkar slit \u00e1 v\u00e9larhlutum, s\u00e9rstaklega \u00ed ry\u00f0ugum a\u00f0st\u00e6\u00f0um. Regluleg sko\u00f0un og skipti \u00e1 lofts\u00edum hj\u00e1lpa til vi\u00f0 a\u00f0 vi\u00f0halda afl v\u00e9larinnar, draga \u00far eldsneytisey\u00f0slu og lengja l\u00edft\u00edma hennar. R\u00e9tt umhir\u00f0a er lykilatri\u00f0i fyrir skilvirkni og \u00e1rei\u00f0anleika \u00ed rekstri \u00e1 gr\u00f6funni<\/p>\n","protected":false},"featured_media":2663,"template":"","meta":{"site-sidebar-layout":"default","site-content-layout":"","ast-site-content-layout":"default","site-content-style":"default","site-sidebar-style":"default","ast-global-header-display":"","ast-banner-title-visibility":"","ast-main-header-display":"","ast-hfb-above-header-display":"","ast-hfb-below-header-display":"","ast-hfb-mobile-header-display":"","site-post-title":"","ast-breadcrumbs-content":"","ast-featured-img":"","footer-sml-layout":"","ast-disable-related-posts":"","theme-transparent-header-meta":"default","adv-header-id-meta":"","stick-header-meta":"","header-above-stick-meta":"","header-main-stick-meta":"","header-below-stick-meta":"","astra-migrate-meta-layouts":"set","ast-page-background-enabled":"default","ast-page-background-meta":{"desktop":{"background-color":"","background-image":"","background-repeat":"repeat","background-position":"center center","background-size":"auto","background-attachment":"scroll","background-type":"","background-media":"","overlay-type":"","overlay-color":"","overlay-opacity":"","overlay-gradient":""},"tablet":{"background-color":"","background-image":"","background-repeat":"repeat","background-position":"center center","background-size":"auto","background-attachment":"scroll","background-type":"","background-media":"","overlay-type":"","overlay-color":"","overlay-opacity":"","overlay-gradient":""},"mobile":{"background-color":"","background-image":"","background-repeat":"repeat","background-position":"center center","background-size":"auto","background-attachment":"scroll","background-type":"","background-media":"","overlay-type":"","overlay-color":"","overlay-opacity":"","overlay-gradient":""}},"ast-content-background-meta":{"desktop":{"background-color":"var(--ast-global-color-5)","background-image":"","background-repeat":"repeat","background-position":"center center","background-size":"auto","background-attachment":"scroll","background-type":"","background-media":"","overlay-type":"","overlay-color":"","overlay-opacity":"","overlay-gradient":""},"tablet":{"background-color":"var(--ast-global-color-5)","background-image":"","background-repeat":"repeat","background-position":"center center","background-size":"auto","background-attachment":"scroll","background-type":"","background-media":"","overlay-type":"","overlay-color":"","overlay-opacity":"","overlay-gradient":""},"mobile":{"background-color":"var(--ast-global-color-5)","background-image":"","background-repeat":"repeat","background-position":"center center","background-size":"auto","background-attachment":"scroll","background-type":"","background-media":"","overlay-type":"","overlay-color":"","overlay-opacity":"","overlay-gradient":""}}},"product_brand":[],"product_cat":[63],"product_tag":[48],"class_list":{"0":"post-2662","1":"product","2":"type-product","3":"status-publish","4":"has-post-thumbnail","6":"product_cat-ht90-siur","7":"product_tag-ht90","8":"desktop-align-left","9":"tablet-align-left","10":"mobile-align-left","12":"first","13":"instock","14":"sale","15":"taxable","16":"shipping-taxable","17":"purchasable","18":"product-type-simple"},"_links":{"self":[{"href":"https:\/\/ljardalur.is\/index.php?rest_route=\/wp\/v2\/product\/2662","targetHints":{"allow":["GET"]}}],"collection":[{"href":"https:\/\/ljardalur.is\/index.php?rest_route=\/wp\/v2\/product"}],"about":[{"href":"https:\/\/ljardalur.is\/index.php?rest_route=\/wp\/v2\/types\/product"}],"wp:featuredmedia":[{"embeddable":true,"href":"https:\/\/ljardalur.is\/index.php?rest_route=\/wp\/v2\/media\/2663"}],"wp:attachment":[{"href":"https:\/\/ljardalur.is\/index.php?rest_route=%2Fwp%2Fv2%2Fmedia&parent=2662"}],"wp:term":[{"taxonomy":"product_brand","embeddable":true,"href":"https:\/\/ljardalur.is\/index.php?rest_route=%2Fwp%2Fv2%2Fproduct_brand&post=2662"},{"taxonomy":"product_cat","embeddable":true,"href":"https:\/\/ljardalur.is\/index.php?rest_route=%2Fwp%2Fv2%2Fproduct_cat&post=2662"},{"taxonomy":"product_tag","embeddable":true,"href":"https:\/\/ljardalur.is\/index.php?rest_route=%2Fwp%2Fv2%2Fproduct_tag&post=2662"}],"curies":[{"name":"wp","href":"https:\/\/api.w.org\/{rel}","templated":true}]}}