{"id":2664,"date":"2025-04-30T12:11:20","date_gmt":"2025-04-30T12:11:20","guid":{"rendered":"https:\/\/ljardalur.is\/?post_type=product&#038;p=2664"},"modified":"2025-06-18T17:34:29","modified_gmt":"2025-06-18T17:34:29","slug":"eldsneytissia-ht90","status":"publish","type":"product","link":"https:\/\/ljardalur.is\/?product=eldsneytissia-ht90","title":{"rendered":"Eldsneytiss\u00eda &#8211; HT90"},"content":{"rendered":"<p><strong>S\u00eduskipti:<\/strong> Um 500-600 klukkut\u00edmafresti<\/p>\n<p><strong>St\u00e6r\u00f0 gr\u00f6fu:<\/strong> HT90<\/p>\n","protected":false},"excerpt":{"rendered":"<p>Hrein eldsneytiss\u00eda er mj\u00f6g mikilv\u00e6g til a\u00f0 fjarl\u00e6gja \u00f3hreinindi \u00far eldsneyti \u00e1\u00f0ur en \u00fea\u00f0 fer inn \u00ed v\u00e9lin, sem tryggir bestu frammist\u00f6\u00f0u og afk\u00f6st. Me\u00f0 \u00fev\u00ed a\u00f0 koma \u00ed veg fyrir a\u00f0 ryk og \u00f3hreinindi komist inn, hj\u00e1lpar h\u00fan til vi\u00f0 a\u00f0 lengja l\u00edft\u00edma v\u00e9larinnar og b\u00e6ta eldsneytisnotkun. Regluleg umhir\u00f0a og t\u00edmaleg skipti \u00e1 eldsneytiss\u00edu eru nau\u00f0synleg til a\u00f0 tryggja rekstur og \u00e1rei\u00f0anleika v\u00e9larinnar.<\/p>\n","protected":false},"featured_media":2665,"template":"","meta":{"site-sidebar-layout":"default","site-content-layout":"","ast-site-content-layout":"default","site-content-style":"default","site-sidebar-style":"default","ast-global-header-display":"","ast-banner-title-visibility":"","ast-main-header-display":"","ast-hfb-above-header-display":"","ast-hfb-below-header-display":"","ast-hfb-mobile-header-display":"","site-post-title":"","ast-breadcrumbs-content":"","ast-featured-img":"","footer-sml-layout":"","ast-disable-related-posts":"","theme-transparent-header-meta":"default","adv-header-id-meta":"","stick-header-meta":"","header-above-stick-meta":"","header-main-stick-meta":"","header-below-stick-meta":"","astra-migrate-meta-layouts":"set","ast-page-background-enabled":"default","ast-page-background-meta":{"desktop":{"background-color":"","background-image":"","background-repeat":"repeat","background-position":"center center","background-size":"auto","background-attachment":"scroll","background-type":"","background-media":"","overlay-type":"","overlay-color":"","overlay-opacity":"","overlay-gradient":""},"tablet":{"background-color":"","background-image":"","background-repeat":"repeat","background-position":"center center","background-size":"auto","background-attachment":"scroll","background-type":"","background-media":"","overlay-type":"","overlay-color":"","overlay-opacity":"","overlay-gradient":""},"mobile":{"background-color":"","background-image":"","background-repeat":"repeat","background-position":"center center","background-size":"auto","background-attachment":"scroll","background-type":"","background-media":"","overlay-type":"","overlay-color":"","overlay-opacity":"","overlay-gradient":""}},"ast-content-background-meta":{"desktop":{"background-color":"var(--ast-global-color-5)","background-image":"","background-repeat":"repeat","background-position":"center center","background-size":"auto","background-attachment":"scroll","background-type":"","background-media":"","overlay-type":"","overlay-color":"","overlay-opacity":"","overlay-gradient":""},"tablet":{"background-color":"var(--ast-global-color-5)","background-image":"","background-repeat":"repeat","background-position":"center center","background-size":"auto","background-attachment":"scroll","background-type":"","background-media":"","overlay-type":"","overlay-color":"","overlay-opacity":"","overlay-gradient":""},"mobile":{"background-color":"var(--ast-global-color-5)","background-image":"","background-repeat":"repeat","background-position":"center center","background-size":"auto","background-attachment":"scroll","background-type":"","background-media":"","overlay-type":"","overlay-color":"","overlay-opacity":"","overlay-gradient":""}}},"product_brand":[],"product_cat":[63],"product_tag":[48],"class_list":{"0":"post-2664","1":"product","2":"type-product","3":"status-publish","4":"has-post-thumbnail","6":"product_cat-ht90-siur","7":"product_tag-ht90","8":"desktop-align-left","9":"tablet-align-left","10":"mobile-align-left","12":"first","13":"instock","14":"sale","15":"taxable","16":"shipping-taxable","17":"purchasable","18":"product-type-simple"},"_links":{"self":[{"href":"https:\/\/ljardalur.is\/index.php?rest_route=\/wp\/v2\/product\/2664","targetHints":{"allow":["GET"]}}],"collection":[{"href":"https:\/\/ljardalur.is\/index.php?rest_route=\/wp\/v2\/product"}],"about":[{"href":"https:\/\/ljardalur.is\/index.php?rest_route=\/wp\/v2\/types\/product"}],"wp:featuredmedia":[{"embeddable":true,"href":"https:\/\/ljardalur.is\/index.php?rest_route=\/wp\/v2\/media\/2665"}],"wp:attachment":[{"href":"https:\/\/ljardalur.is\/index.php?rest_route=%2Fwp%2Fv2%2Fmedia&parent=2664"}],"wp:term":[{"taxonomy":"product_brand","embeddable":true,"href":"https:\/\/ljardalur.is\/index.php?rest_route=%2Fwp%2Fv2%2Fproduct_brand&post=2664"},{"taxonomy":"product_cat","embeddable":true,"href":"https:\/\/ljardalur.is\/index.php?rest_route=%2Fwp%2Fv2%2Fproduct_cat&post=2664"},{"taxonomy":"product_tag","embeddable":true,"href":"https:\/\/ljardalur.is\/index.php?rest_route=%2Fwp%2Fv2%2Fproduct_tag&post=2664"}],"curies":[{"name":"wp","href":"https:\/\/api.w.org\/{rel}","templated":true}]}}