{"id":2839,"date":"2025-09-01T00:01:14","date_gmt":"2025-09-01T00:01:14","guid":{"rendered":"https:\/\/ljardalur.is\/?post_type=product&#038;p=2839"},"modified":"2025-09-02T11:53:51","modified_gmt":"2025-09-02T11:53:51","slug":"ht380-skridstyrd-vel","status":"publish","type":"product","link":"https:\/\/ljardalur.is\/?product=ht380-skridstyrd-vel","title":{"rendered":"HT380 &#8211; Skri\u00f0st\u00fdr\u00f0 v\u00e9l"},"content":{"rendered":"<p>HT380 sameinar lipur\u00f0, einfaldleika og \u00f6flugann vinnueiginleika \u00ed sm\u00e6rri v\u00e9l. V\u00e9lin hentar s\u00e9rstaklega vel \u00fear sem pl\u00e1ssi\u00f0 er l\u00edti\u00f0 e\u00f0a jar\u00f0vegurinn mj\u00fakur, \u00fear sem beltin tryggja b\u00e6\u00f0i st\u00f6\u00f0ugleika og gott grip.<u><\/u><u><\/u><\/p>\n<p><strong>Helstu atri\u00f0i:<\/strong><u><\/u><u><\/u><\/p>\n<ul type=\"disc\">\n<li><strong>Beltadrifin<\/strong>\u00a0\u2013 tryggir st\u00f6\u00f0ugleika og gott grip \u00ed torf\u00e6rum a\u00f0st\u00e6\u00f0um<u><\/u><u><\/u><\/li>\n<li>\u00a0Nett st\u00e6r\u00f0 \u2013 au\u00f0velt a\u00f0 vinna \u00e1 \u00fer\u00f6ngum sv\u00e6\u00f0um<u><\/u><u><\/u><\/li>\n<li>\u00a0Bur\u00f0argeta allt a\u00f0 300 kg og lyftigeta 380 kg<u><\/u><u><\/u><\/li>\n<li>\u00a00,15 m\u00b3 sk\u00f3fla me\u00f0 losunarh\u00e6\u00f0 allt a\u00f0 1,39 m<u><\/u><u><\/u><\/li>\n<li>\u00a0\u00d6flug <strong>KOOP 292F d\u00edsilv\u00e9l<\/strong>\u00a0me\u00f0 um 14 kW afl<u><\/u><u><\/u><\/li>\n<li>\u00a0L\u00e1gur rekstrarkostna\u00f0ur og einf\u00f6ld notkun<u><\/u><u><\/u><\/li>\n<li>\u00a0<strong>\u00deyngd v\u00e9lar ~890 kg<\/strong>\u00a0\u2013 st\u00f6\u00f0ug og traust \u00ed vinnu<u><\/u><u><\/u><\/li>\n<li>\u00a0Hentar vel fyrir sumarb\u00fasta\u00f0a eigendur, b\u00e6ndur og sm\u00e6rri verktaka<\/li>\n<\/ul>\n<p><strong>Aukahlutir \u00ed bo\u00f0i:<\/strong><\/p>\n<ul type=\"disc\">\n<li><strong>Brettagafflar<\/strong>\u00a0\u2013 84.000.-<u><\/u><u><\/u><\/li>\n<li><strong>Ta\u00f0greip<\/strong>\u00a0\u2013 140.000.-<u><\/u><u><\/u><\/li>\n<li><strong>Grj\u00f3tsk\u00f3fla<\/strong>\u00a0\u2013 112.000.-<u><\/u><u><\/u><\/li>\n<li><strong>S\u00f3pur<\/strong>\u00a0\u2013 196.000.-<u><\/u><u><\/u><\/li>\n<li><strong>Snj\u00f3t\u00f6nn<\/strong>\u00a0\u2013 112.000.-<u><\/u><u><\/u><\/li>\n<li><strong>Fleygur<\/strong>\u00a0\u2013 224.000.-<u><\/u><u><\/u><\/li>\n<li><strong>Sl\u00e9ttuj\u00e1rn<\/strong>\u00a0\u2013 50.400.-<u><\/u><u><\/u><\/li>\n<li><strong>Snj\u00f3bl\u00e1sari<\/strong>\u00a0\u2013 224.000.-<\/li>\n<\/ul>\n","protected":false},"excerpt":{"rendered":"<p><strong>Afm\u00e6lsitilbo\u00f0: 890.000 \u00e1n vsk<br \/>\nVer\u00f0 eru \u00e1n VSK<br \/>\nGrei\u00f0a \u00fearf 50% sta\u00f0festingagjald<\/strong><\/p>\n<p><b>HT380 \u2013 \u00f6flug og lipur beltav\u00e9l.<\/b><br \/>\nMe\u00f0 beltum f\u00e6r HT380 einstakan st\u00f6\u00f0ugleika og grip \u00ed torf\u00e6rum a\u00f0st\u00e6\u00f0um. Nett \u00ed st\u00e6r\u00f0 en me\u00f0 kraft til a\u00f0 leysa \u00far daglegum verkefnum \u00e1 heimilum, b\u00faum og hj\u00e1 sm\u00e6rri verkt\u00f6kum.<\/p>\n","protected":false},"featured_media":2846,"template":"","meta":{"site-sidebar-layout":"default","site-content-layout":"","ast-site-content-layout":"default","site-content-style":"default","site-sidebar-style":"default","ast-global-header-display":"","ast-banner-title-visibility":"","ast-main-header-display":"","ast-hfb-above-header-display":"","ast-hfb-below-header-display":"","ast-hfb-mobile-header-display":"","site-post-title":"","ast-breadcrumbs-content":"","ast-featured-img":"","footer-sml-layout":"","ast-disable-related-posts":"","theme-transparent-header-meta":"default","adv-header-id-meta":"","stick-header-meta":"","header-above-stick-meta":"","header-main-stick-meta":"","header-below-stick-meta":"","astra-migrate-meta-layouts":"set","ast-page-background-enabled":"default","ast-page-background-meta":{"desktop":{"background-color":"","background-image":"","background-repeat":"repeat","background-position":"center center","background-size":"auto","background-attachment":"scroll","background-type":"","background-media":"","overlay-type":"","overlay-color":"","overlay-opacity":"","overlay-gradient":""},"tablet":{"background-color":"","background-image":"","background-repeat":"repeat","background-position":"center center","background-size":"auto","background-attachment":"scroll","background-type":"","background-media":"","overlay-type":"","overlay-color":"","overlay-opacity":"","overlay-gradient":""},"mobile":{"background-color":"","background-image":"","background-repeat":"repeat","background-position":"center center","background-size":"auto","background-attachment":"scroll","background-type":"","background-media":"","overlay-type":"","overlay-color":"","overlay-opacity":"","overlay-gradient":""}},"ast-content-background-meta":{"desktop":{"background-color":"var(--ast-global-color-5)","background-image":"","background-repeat":"repeat","background-position":"center center","background-size":"auto","background-attachment":"scroll","background-type":"","background-media":"","overlay-type":"","overlay-color":"","overlay-opacity":"","overlay-gradient":""},"tablet":{"background-color":"var(--ast-global-color-5)","background-image":"","background-repeat":"repeat","background-position":"center center","background-size":"auto","background-attachment":"scroll","background-type":"","background-media":"","overlay-type":"","overlay-color":"","overlay-opacity":"","overlay-gradient":""},"mobile":{"background-color":"var(--ast-global-color-5)","background-image":"","background-repeat":"repeat","background-position":"center center","background-size":"auto","background-attachment":"scroll","background-type":"","background-media":"","overlay-type":"","overlay-color":"","overlay-opacity":"","overlay-gradient":""}}},"product_brand":[],"product_cat":[75],"product_tag":[],"class_list":{"0":"post-2839","1":"product","2":"type-product","3":"status-publish","4":"has-post-thumbnail","6":"product_cat-skridstyrdar-velar","7":"desktop-align-left","8":"tablet-align-left","9":"mobile-align-left","11":"first","12":"instock","13":"taxable","14":"shipping-taxable","15":"product-type-simple"},"_links":{"self":[{"href":"https:\/\/ljardalur.is\/index.php?rest_route=\/wp\/v2\/product\/2839","targetHints":{"allow":["GET"]}}],"collection":[{"href":"https:\/\/ljardalur.is\/index.php?rest_route=\/wp\/v2\/product"}],"about":[{"href":"https:\/\/ljardalur.is\/index.php?rest_route=\/wp\/v2\/types\/product"}],"wp:featuredmedia":[{"embeddable":true,"href":"https:\/\/ljardalur.is\/index.php?rest_route=\/wp\/v2\/media\/2846"}],"wp:attachment":[{"href":"https:\/\/ljardalur.is\/index.php?rest_route=%2Fwp%2Fv2%2Fmedia&parent=2839"}],"wp:term":[{"taxonomy":"product_brand","embeddable":true,"href":"https:\/\/ljardalur.is\/index.php?rest_route=%2Fwp%2Fv2%2Fproduct_brand&post=2839"},{"taxonomy":"product_cat","embeddable":true,"href":"https:\/\/ljardalur.is\/index.php?rest_route=%2Fwp%2Fv2%2Fproduct_cat&post=2839"},{"taxonomy":"product_tag","embeddable":true,"href":"https:\/\/ljardalur.is\/index.php?rest_route=%2Fwp%2Fv2%2Fproduct_tag&post=2839"}],"curies":[{"name":"wp","href":"https:\/\/api.w.org\/{rel}","templated":true}]}}