{"id":2854,"date":"2025-09-01T00:01:10","date_gmt":"2025-09-01T00:01:10","guid":{"rendered":"https:\/\/ljardalur.is\/?post_type=product&#038;p=2854"},"modified":"2025-09-02T12:05:24","modified_gmt":"2025-09-02T12:05:24","slug":"ht400-skridstyrd-vel","status":"publish","type":"product","link":"https:\/\/ljardalur.is\/?product=ht400-skridstyrd-vel","title":{"rendered":"HT400 &#8211; Skri\u00f0st\u00fdr\u00f0 v\u00e9l"},"content":{"rendered":"<p>HT400 sameinar kraft og hagkv\u00e6mni \u00ed sm\u00e6rri vinnuv\u00e9l. H\u00fan hentar s\u00e9rstaklega vel til vinnu \u00e1 h\u00f6r\u00f0um fl\u00f6tum, malbiki e\u00f0a steypu \u00fear sem hj\u00f3lin skila meiri hra\u00f0a og lipur\u00f0 en beltav\u00e9lar. \u00der\u00e1tt fyrir nettar st\u00e6r\u00f0ir b\u00fd\u00f0ur h\u00fan upp \u00e1 g\u00f3\u00f0a bur\u00f0argetu og fj\u00f6lbreytta m\u00f6guleika me\u00f0 aukab\u00fana\u00f0i.<u><\/u><u><\/u><\/p>\n<p><strong>Helstu atri\u00f0i:<\/strong><u><\/u><u><\/u><\/p>\n<p>\u00b7\u00a0 \u00a0<strong>\u00c1 hj\u00f3lum<\/strong>\u00a0\u2013 hra\u00f0i og lipur\u00f0 \u00e1 h\u00f6r\u00f0um fl\u00f6tum<u><\/u><u><\/u><\/p>\n<p>\u00b7\u00a0 \u00a0Nett st\u00e6r\u00f0 \u2013 kemst inn \u00e1 \u00fer\u00f6ng sv\u00e6\u00f0i<u><\/u><u><\/u><\/p>\n<p>\u00b7\u00a0 \u00a0Bur\u00f0argeta 300 kg og lyftigeta 380 kg<u><\/u><u><\/u><\/p>\n<p>\u00b7\u00a0 \u00a00,15 m\u00b3 sk\u00f3fla me\u00f0 losunarh\u00e6\u00f0 allt a\u00f0 1,39 m<u><\/u><u><\/u><\/p>\n<p>\u00b7\u00a0 \u00a0\u00d6flug\u00a0<strong>KOOP 292F d\u00edsilv\u00e9l<\/strong>\u00a0me\u00f0 um 14 kW afl<u><\/u><u><\/u><\/p>\n<p>\u00b7\u00a0 \u00a0L\u00e1gur rekstrarkostna\u00f0ur og einf\u00f6ld notkun<u><\/u><u><\/u><\/p>\n<p>\u00b7\u00a0 \u00a0\u00deyngd v\u00e9lar ~890 kg \u2013 st\u00f6\u00f0ug og traust \u00ed vinnu<u><\/u><u><\/u><\/p>\n<p>\u00b7\u00a0 \u00a0Hentar vel fyrir b\u00e6ndur, heimili og sm\u00e6rri verktaka<\/p>\n<p>&nbsp;<\/p>\n<p><strong>Aukahlutir \u00ed bo\u00f0i (ver\u00f0 \u00e1n vsk):<\/strong><\/p>\n<ul type=\"disc\">\n<li>Brettagafflar \u2013 84.000.-<u><\/u><u><\/u><\/li>\n<li>Ta\u00f0greip \u2013 140.000.-<u><\/u><u><\/u><\/li>\n<li>Grj\u00f3tsk\u00f3fla \u2013 112.000.-<u><\/u><u><\/u><\/li>\n<li>S\u00f3pur \u2013 196.000.-<u><\/u><u><\/u><\/li>\n<li>Snj\u00f3t\u00f6nn \u2013 112.000.-<u><\/u><u><\/u><\/li>\n<li>Fleygur \u2013 224.000.-<u><\/u><u><\/u><\/li>\n<li>Sl\u00e9ttuj\u00e1rn \u2013 50.400.-<u><\/u><u><\/u><\/li>\n<li>Snj\u00f3bl\u00e1sari \u2013 224.000.-<\/li>\n<\/ul>\n","protected":false},"excerpt":{"rendered":"<p><b>Af\u00e6mlistilbo\u00f0 890.000 \u00e1n vsk<br \/>\nVer\u00f0 eru \u00e1n vsk.<br \/>\nGrei\u00f0a \u00fearf 50% sta\u00f0festingargjald<\/b><\/p>\n<p><b><br \/>\nHT400 \u2013 lipur og kraftmikil<\/b><br \/>\nHT400 er sm\u00ed\u00f0u\u00f0 fyrir \u00fe\u00e1 sem vilja st\u00f6\u00f0ugan, fj\u00f6lh\u00e6fan og nettan vinnuf\u00e9laga. Me\u00f0 hj\u00f3lum f\u00e6r\u00f0u meiri fer\u00f0ahra\u00f0a og lipur\u00f0 \u00e1 h\u00f6r\u00f0um fl\u00f6tum \u2013 fullkomin v\u00e9l fyrir verktaka, b\u00e6ndur og heimili sem \u00feurfa \u00e1rei\u00f0anlega vinnuv\u00e9l \u00ed dagleg verkefni.<\/p>\n","protected":false},"featured_media":2910,"template":"","meta":{"site-sidebar-layout":"default","site-content-layout":"","ast-site-content-layout":"default","site-content-style":"default","site-sidebar-style":"default","ast-global-header-display":"","ast-banner-title-visibility":"","ast-main-header-display":"","ast-hfb-above-header-display":"","ast-hfb-below-header-display":"","ast-hfb-mobile-header-display":"","site-post-title":"","ast-breadcrumbs-content":"","ast-featured-img":"","footer-sml-layout":"","ast-disable-related-posts":"","theme-transparent-header-meta":"default","adv-header-id-meta":"","stick-header-meta":"","header-above-stick-meta":"","header-main-stick-meta":"","header-below-stick-meta":"","astra-migrate-meta-layouts":"set","ast-page-background-enabled":"default","ast-page-background-meta":{"desktop":{"background-color":"","background-image":"","background-repeat":"repeat","background-position":"center center","background-size":"auto","background-attachment":"scroll","background-type":"","background-media":"","overlay-type":"","overlay-color":"","overlay-opacity":"","overlay-gradient":""},"tablet":{"background-color":"","background-image":"","background-repeat":"repeat","background-position":"center center","background-size":"auto","background-attachment":"scroll","background-type":"","background-media":"","overlay-type":"","overlay-color":"","overlay-opacity":"","overlay-gradient":""},"mobile":{"background-color":"","background-image":"","background-repeat":"repeat","background-position":"center center","background-size":"auto","background-attachment":"scroll","background-type":"","background-media":"","overlay-type":"","overlay-color":"","overlay-opacity":"","overlay-gradient":""}},"ast-content-background-meta":{"desktop":{"background-color":"var(--ast-global-color-5)","background-image":"","background-repeat":"repeat","background-position":"center center","background-size":"auto","background-attachment":"scroll","background-type":"","background-media":"","overlay-type":"","overlay-color":"","overlay-opacity":"","overlay-gradient":""},"tablet":{"background-color":"var(--ast-global-color-5)","background-image":"","background-repeat":"repeat","background-position":"center center","background-size":"auto","background-attachment":"scroll","background-type":"","background-media":"","overlay-type":"","overlay-color":"","overlay-opacity":"","overlay-gradient":""},"mobile":{"background-color":"var(--ast-global-color-5)","background-image":"","background-repeat":"repeat","background-position":"center center","background-size":"auto","background-attachment":"scroll","background-type":"","background-media":"","overlay-type":"","overlay-color":"","overlay-opacity":"","overlay-gradient":""}}},"product_brand":[],"product_cat":[75],"product_tag":[],"class_list":{"0":"post-2854","1":"product","2":"type-product","3":"status-publish","4":"has-post-thumbnail","6":"product_cat-skridstyrdar-velar","7":"desktop-align-left","8":"tablet-align-left","9":"mobile-align-left","11":"first","12":"instock","13":"taxable","14":"shipping-taxable","15":"product-type-simple"},"_links":{"self":[{"href":"https:\/\/ljardalur.is\/index.php?rest_route=\/wp\/v2\/product\/2854","targetHints":{"allow":["GET"]}}],"collection":[{"href":"https:\/\/ljardalur.is\/index.php?rest_route=\/wp\/v2\/product"}],"about":[{"href":"https:\/\/ljardalur.is\/index.php?rest_route=\/wp\/v2\/types\/product"}],"wp:featuredmedia":[{"embeddable":true,"href":"https:\/\/ljardalur.is\/index.php?rest_route=\/wp\/v2\/media\/2910"}],"wp:attachment":[{"href":"https:\/\/ljardalur.is\/index.php?rest_route=%2Fwp%2Fv2%2Fmedia&parent=2854"}],"wp:term":[{"taxonomy":"product_brand","embeddable":true,"href":"https:\/\/ljardalur.is\/index.php?rest_route=%2Fwp%2Fv2%2Fproduct_brand&post=2854"},{"taxonomy":"product_cat","embeddable":true,"href":"https:\/\/ljardalur.is\/index.php?rest_route=%2Fwp%2Fv2%2Fproduct_cat&post=2854"},{"taxonomy":"product_tag","embeddable":true,"href":"https:\/\/ljardalur.is\/index.php?rest_route=%2Fwp%2Fv2%2Fproduct_tag&post=2854"}],"curies":[{"name":"wp","href":"https:\/\/api.w.org\/{rel}","templated":true}]}}