{"id":2855,"date":"2025-08-29T11:03:58","date_gmt":"2025-08-29T11:03:58","guid":{"rendered":"https:\/\/ljardalur.is\/?post_type=product&#038;p=2855"},"modified":"2025-10-01T03:05:30","modified_gmt":"2025-10-01T03:05:30","slug":"lidlettingur-ht180","status":"publish","type":"product","link":"https:\/\/ljardalur.is\/?product=lidlettingur-ht180","title":{"rendered":"Li\u00f0l\u00e9ttingur &#8211; HT180"},"content":{"rendered":"<p>HT180 er kraftmikil og fj\u00f6lh\u00e6f v\u00e9l sem hentar b\u00e6\u00f0i heimilum, b\u00e6ndum og sm\u00e6rri verkt\u00f6kum. H\u00fan er einf\u00f6ld \u00ed notkun en b\u00fd\u00f0ur samt upp \u00e1 eiginleika sem venjulega finnast a\u00f0eins \u00ed st\u00e6rri v\u00e9lum.<u><\/u><u><\/u><\/p>\n<p><strong>Helstu atri\u00f0i:<\/strong><u><\/u><u><\/u><\/p>\n<ul type=\"disc\">\n<li>\u00a0Bur\u00f0argeta: 800 kg (h\u00e1mark 1000 kg)<u><\/u><u><\/u><\/li>\n<li>\u00a0<strong>Kubota D1105 \u00feriggja strokka d\u00edsilv\u00e9l \u2013 \u00e1rei\u00f0anleg og sparneytin<\/strong><u><\/u><u><\/u><\/li>\n<li>\u00a0Skotb\u00f3ma \u2013 allt a\u00f0 3,6 m lyftih\u00e6\u00f0<u><\/u><u><\/u><\/li>\n<li>\u00a0Mj\u00f6g lipur \u2013 li\u00f0am\u00f3t sem sn\u00faa allt a\u00f0 45\u00b0<u><\/u><u><\/u><\/li>\n<li>\u00a0\u00de\u00e9tt og nett st\u00e6r\u00f0 \u2013 kemst au\u00f0veldlega inn \u00ed \u00fer\u00f6ng sv\u00e6\u00f0i<u><\/u><u><\/u><\/li>\n<li>\u00a0\u00d6flug v\u00f6kvakerfi me\u00f0 40L tanki<u><\/u><u><\/u><\/li>\n<li>\u00a0H\u00e1marks fer\u00f0ahra\u00f0i: 12 km\/klst.<\/li>\n<\/ul>\n","protected":false},"excerpt":{"rendered":"<p><strong>Ver\u00f0 \u00e1n vsk<\/strong><br \/>\n<strong>Grei\u00f0a \u00fearf 50% sta\u00f0festingargjald<\/strong><\/p>\n<p style=\"font-weight: 400;\">T180 Li\u00f0l\u00e9ttingur \u2013 l\u00edtil v\u00e9l me\u00f0 st\u00f3r afk\u00f6st. Me\u00f0 skotb\u00f3mu, kraftmikilli Kubota d\u00edsilv\u00e9l<\/p>\n<p style=\"font-weight: 400;\">og lipri h\u00f6nnun n\u00e6r HT180 a\u00f0 vinna \u00fear sem st\u00e6rri v\u00e9lar eiga erfitt. Fr\u00e1b\u00e6r fyrir gar\u00f0a, sveitab\u00e6ji<\/p>\n<p style=\"font-weight: 400;\">og sm\u00e6rri verktaka sem vilja h\u00e1marksafk\u00f6st \u00ed l\u00e1gmarksst\u00e6r\u00f0.<\/p>\n<p style=\"font-weight: 400;\">Me\u00f0 v\u00e9linni fylgir ein sk\u00f3fla<\/p>\n<p style=\"font-weight: 400;\">\n<p style=\"font-weight: 400;\">Hafi\u00f0 samband vi\u00f0\u00a0<a href=\"mailto:Arnar@ljardalur.is\">Arnar@ljardalur.is<\/a>\u00a0til a\u00f0 f\u00e1 uppl\u00fdsingar um aukahluti sem eru \u00ed bo\u00f0i<\/p>\n","protected":false},"featured_media":2856,"template":"","meta":{"site-sidebar-layout":"default","site-content-layout":"","ast-site-content-layout":"default","site-content-style":"default","site-sidebar-style":"default","ast-global-header-display":"","ast-banner-title-visibility":"","ast-main-header-display":"","ast-hfb-above-header-display":"","ast-hfb-below-header-display":"","ast-hfb-mobile-header-display":"","site-post-title":"","ast-breadcrumbs-content":"","ast-featured-img":"","footer-sml-layout":"","ast-disable-related-posts":"","theme-transparent-header-meta":"default","adv-header-id-meta":"","stick-header-meta":"","header-above-stick-meta":"","header-main-stick-meta":"","header-below-stick-meta":"","astra-migrate-meta-layouts":"set","ast-page-background-enabled":"default","ast-page-background-meta":{"desktop":{"background-color":"","background-image":"","background-repeat":"repeat","background-position":"center center","background-size":"auto","background-attachment":"scroll","background-type":"","background-media":"","overlay-type":"","overlay-color":"","overlay-opacity":"","overlay-gradient":""},"tablet":{"background-color":"","background-image":"","background-repeat":"repeat","background-position":"center center","background-size":"auto","background-attachment":"scroll","background-type":"","background-media":"","overlay-type":"","overlay-color":"","overlay-opacity":"","overlay-gradient":""},"mobile":{"background-color":"","background-image":"","background-repeat":"repeat","background-position":"center center","background-size":"auto","background-attachment":"scroll","background-type":"","background-media":"","overlay-type":"","overlay-color":"","overlay-opacity":"","overlay-gradient":""}},"ast-content-background-meta":{"desktop":{"background-color":"var(--ast-global-color-5)","background-image":"","background-repeat":"repeat","background-position":"center center","background-size":"auto","background-attachment":"scroll","background-type":"","background-media":"","overlay-type":"","overlay-color":"","overlay-opacity":"","overlay-gradient":""},"tablet":{"background-color":"var(--ast-global-color-5)","background-image":"","background-repeat":"repeat","background-position":"center center","background-size":"auto","background-attachment":"scroll","background-type":"","background-media":"","overlay-type":"","overlay-color":"","overlay-opacity":"","overlay-gradient":""},"mobile":{"background-color":"var(--ast-global-color-5)","background-image":"","background-repeat":"repeat","background-position":"center center","background-size":"auto","background-attachment":"scroll","background-type":"","background-media":"","overlay-type":"","overlay-color":"","overlay-opacity":"","overlay-gradient":""}}},"product_brand":[],"product_cat":[76],"product_tag":[],"class_list":{"0":"post-2855","1":"product","2":"type-product","3":"status-publish","4":"has-post-thumbnail","6":"product_cat-lidlettingar","7":"desktop-align-left","8":"tablet-align-left","9":"mobile-align-left","11":"first","12":"instock","13":"taxable","14":"shipping-taxable","15":"product-type-simple"},"_links":{"self":[{"href":"https:\/\/ljardalur.is\/index.php?rest_route=\/wp\/v2\/product\/2855","targetHints":{"allow":["GET"]}}],"collection":[{"href":"https:\/\/ljardalur.is\/index.php?rest_route=\/wp\/v2\/product"}],"about":[{"href":"https:\/\/ljardalur.is\/index.php?rest_route=\/wp\/v2\/types\/product"}],"wp:featuredmedia":[{"embeddable":true,"href":"https:\/\/ljardalur.is\/index.php?rest_route=\/wp\/v2\/media\/2856"}],"wp:attachment":[{"href":"https:\/\/ljardalur.is\/index.php?rest_route=%2Fwp%2Fv2%2Fmedia&parent=2855"}],"wp:term":[{"taxonomy":"product_brand","embeddable":true,"href":"https:\/\/ljardalur.is\/index.php?rest_route=%2Fwp%2Fv2%2Fproduct_brand&post=2855"},{"taxonomy":"product_cat","embeddable":true,"href":"https:\/\/ljardalur.is\/index.php?rest_route=%2Fwp%2Fv2%2Fproduct_cat&post=2855"},{"taxonomy":"product_tag","embeddable":true,"href":"https:\/\/ljardalur.is\/index.php?rest_route=%2Fwp%2Fv2%2Fproduct_tag&post=2855"}],"curies":[{"name":"wp","href":"https:\/\/api.w.org\/{rel}","templated":true}]}}